{"id":816,"date":"2025-09-18T09:39:03","date_gmt":"2025-09-18T09:39:03","guid":{"rendered":"https:\/\/mouloudiachourene.com\/fr\/?page_id=816"},"modified":"2025-09-18T09:42:12","modified_gmt":"2025-09-18T09:42:12","slug":"transport-universitaire","status":"publish","type":"page","link":"https:\/\/mouloudiachourene.com\/fr\/transport-universitaire\/","title":{"rendered":"Transport Universitaire"},"content":{"rendered":"\t\t<div data-elementor-type=\"wp-page\" data-elementor-id=\"816\" class=\"elementor elementor-816\">\n\t\t\t\t<div class=\"elementor-element elementor-element-6f64a93 e-flex e-con-boxed e-con e-parent\" data-id=\"6f64a93\" data-element_type=\"container\" data-e-type=\"container\" data-settings=\"{&quot;background_background&quot;:&quot;classic&quot;,&quot;ekit_has_onepagescroll_dot&quot;:&quot;yes&quot;}\">\n\t\t\t\t\t<div class=\"e-con-inner\">\n\t\t<div class=\"elementor-element elementor-element-c85fa50 e-con-full e-flex e-con e-child\" data-id=\"c85fa50\" data-element_type=\"container\" data-e-type=\"container\" data-settings=\"{&quot;ekit_has_onepagescroll_dot&quot;:&quot;yes&quot;}\">\n\t\t\t\t<div class=\"elementor-element elementor-element-9fac287 elementor-widget__width-initial elementor-widget elementor-widget-heading\" data-id=\"9fac287\" data-element_type=\"widget\" data-e-type=\"widget\" data-settings=\"{&quot;ekit_we_effect_on&quot;:&quot;none&quot;}\" data-widget_type=\"heading.default\">\n\t\t\t\t\t<h1 class=\"elementor-heading-title elementor-size-default\">Transport scolaire et universiataire<\/h1>\t\t\t\t<\/div>\n\t\t\t\t<div class=\"elementor-element elementor-element-419f182 animated-slow elementor-widget__width-initial elementor-invisible elementor-widget elementor-widget-heading\" data-id=\"419f182\" data-element_type=\"widget\" data-e-type=\"widget\" data-settings=\"{&quot;_animation&quot;:&quot;fadeInUp&quot;,&quot;ekit_we_effect_on&quot;:&quot;none&quot;}\" data-widget_type=\"heading.default\">\n\t\t\t\t\t<h2 class=\"elementor-heading-title elementor-size-default\">Mouloud I Achourene : la force de la logistique, l'engagement d'un partenaire.<\/h2>\t\t\t\t<\/div>\n\t\t\t\t<div class=\"elementor-element elementor-element-c2a8a03 elementor-widget-divider--separator-type-pattern elementor-widget-divider--view-line elementor-widget elementor-widget-divider\" data-id=\"c2a8a03\" data-element_type=\"widget\" data-e-type=\"widget\" data-settings=\"{&quot;ekit_we_effect_on&quot;:&quot;none&quot;}\" data-widget_type=\"divider.default\">\n\t\t\t\t\t\t\t<div class=\"elementor-divider\" style=\"--divider-pattern-url: url(&quot;data:image\/svg+xml,%3Csvg xmlns=&#039;http:\/\/www.w3.org\/2000\/svg&#039; preserveAspectRatio=&#039;none&#039; overflow=&#039;visible&#039; height=&#039;100%&#039; viewBox=&#039;0 0 20 16&#039; fill=&#039;none&#039; stroke=&#039;black&#039; stroke-width=&#039;1&#039; stroke-linecap=&#039;square&#039; stroke-miterlimit=&#039;10&#039;%3E%3Cg transform=&#039;translate(-12.000000, 0)&#039;%3E%3Cpath d=&#039;M28,0L10,18&#039;\/%3E%3Cpath d=&#039;M18,0L0,18&#039;\/%3E%3Cpath d=&#039;M48,0L30,18&#039;\/%3E%3Cpath d=&#039;M38,0L20,18&#039;\/%3E%3C\/g%3E%3C\/svg%3E&quot;);\">\n\t\t\t<span class=\"elementor-divider-separator\">\n\t\t\t\t\t\t<\/span>\n\t\t<\/div>\n\t\t\t\t\t\t<\/div>\n\t\t\t\t<div class=\"elementor-element elementor-element-797943f elementor-widget__width-initial elementor-widget elementor-widget-text-editor\" data-id=\"797943f\" data-element_type=\"widget\" data-e-type=\"widget\" data-settings=\"{&quot;ekit_we_effect_on&quot;:&quot;none&quot;}\" data-widget_type=\"text-editor.default\">\n\t\t\t\t\t\t\t\t\t<p><strong>MOULOUD I ACHOURENE poss\u00e8de plusieurs contrat pour le transport en toute s\u00e9curit\u00e9 de nos \u00e9l\u00e8ves et \u00e9tudiants<\/strong><\/p>\t\t\t\t\t\t\t\t<\/div>\n\t\t\t\t<div class=\"elementor-element elementor-element-6fe3dda elementor-align-left elementor-widget elementor-widget-elementskit-button\" data-id=\"6fe3dda\" data-element_type=\"widget\" data-e-type=\"widget\" data-settings=\"{&quot;ekit_we_effect_on&quot;:&quot;none&quot;}\" data-widget_type=\"elementskit-button.default\">\n\t\t\t\t\t<div class=\"ekit-wid-con\" >\t\t<div class=\"ekit-btn-wraper\">\n\t\t\t\t\t\t\t<a href=\"#\" class=\"elementskit-btn  whitespace--normal\" id=\"\">\n\t\t\t\t\tContactez - nous\t\t\t\t<\/a>\n\t\t\t\t\t<\/div>\n        <\/div>\t\t\t\t<\/div>\n\t\t\t\t<\/div>\n\t\t<div class=\"elementor-element elementor-element-ecf435f e-con-full e-flex e-con e-child\" data-id=\"ecf435f\" data-element_type=\"container\" data-e-type=\"container\" data-settings=\"{&quot;ekit_has_onepagescroll_dot&quot;:&quot;yes&quot;}\">\n\t\t\t\t<\/div>\n\t\t\t\t\t<\/div>\n\t\t\t\t<\/div>\n\t\t\t\t<\/div>\n\t\t","protected":false},"excerpt":{"rendered":"<p>Transport scolaire et universiataire Mouloud I Achourene : la force de la logistique, l&rsquo;engagement d&rsquo;un partenaire. MOULOUD I ACHOURENE poss\u00e8de plusieurs contrat pour le transport en toute s\u00e9curit\u00e9 de nos \u00e9l\u00e8ves et \u00e9tudiants Contactez &#8211; nous<\/p>\n","protected":false},"author":1,"featured_media":0,"parent":0,"menu_order":0,"comment_status":"closed","ping_status":"closed","template":"elementor_header_footer","meta":{"footnotes":""},"class_list":["post-816","page","type-page","status-publish","hentry"],"yoast_head":"<!-- This site is optimized with the Yoast SEO plugin v27.2 - https:\/\/yoast.com\/product\/yoast-seo-wordpress\/ -->\n<title>Transport Universitaire - MOULOUD I ACHOURENE<\/title>\n<meta name=\"robots\" content=\"index, follow, max-snippet:-1, max-image-preview:large, max-video-preview:-1\" \/>\n<link rel=\"canonical\" href=\"https:\/\/mouloudiachourene.com\/fr\/transport-universitaire\/\" \/>\n<meta property=\"og:locale\" content=\"fr_FR\" \/>\n<meta property=\"og:type\" content=\"article\" \/>\n<meta property=\"og:title\" content=\"Transport Universitaire - MOULOUD I ACHOURENE\" \/>\n<meta property=\"og:description\" content=\"Transport scolaire et universiataire Mouloud I Achourene : la force de la logistique, l&rsquo;engagement d&rsquo;un partenaire. MOULOUD I ACHOURENE poss\u00e8de plusieurs contrat pour le transport en toute s\u00e9curit\u00e9 de nos \u00e9l\u00e8ves et \u00e9tudiants Contactez &#8211; nous\" \/>\n<meta property=\"og:url\" content=\"https:\/\/mouloudiachourene.com\/fr\/transport-universitaire\/\" \/>\n<meta property=\"og:site_name\" content=\"MOULOUD I ACHOURENE\" \/>\n<meta property=\"article:modified_time\" content=\"2025-09-18T09:42:12+00:00\" \/>\n<meta name=\"twitter:card\" content=\"summary_large_image\" \/>\n<meta name=\"twitter:label1\" content=\"Dur\u00e9e de lecture estim\u00e9e\" \/>\n\t<meta name=\"twitter:data1\" content=\"1 minute\" \/>\n<script type=\"application\/ld+json\" class=\"yoast-schema-graph\">{\"@context\":\"https:\/\/schema.org\",\"@graph\":[{\"@type\":\"WebPage\",\"@id\":\"https:\/\/mouloudiachourene.com\/fr\/transport-universitaire\/\",\"url\":\"https:\/\/mouloudiachourene.com\/fr\/transport-universitaire\/\",\"name\":\"Transport Universitaire - MOULOUD I ACHOURENE\",\"isPartOf\":{\"@id\":\"https:\/\/mouloudiachourene.com\/fr\/#website\"},\"datePublished\":\"2025-09-18T09:39:03+00:00\",\"dateModified\":\"2025-09-18T09:42:12+00:00\",\"breadcrumb\":{\"@id\":\"https:\/\/mouloudiachourene.com\/fr\/transport-universitaire\/#breadcrumb\"},\"inLanguage\":\"fr-FR\",\"potentialAction\":[{\"@type\":\"ReadAction\",\"target\":[\"https:\/\/mouloudiachourene.com\/fr\/transport-universitaire\/\"]}]},{\"@type\":\"BreadcrumbList\",\"@id\":\"https:\/\/mouloudiachourene.com\/fr\/transport-universitaire\/#breadcrumb\",\"itemListElement\":[{\"@type\":\"ListItem\",\"position\":1,\"name\":\"Accueil\",\"item\":\"https:\/\/mouloudiachourene.com\/fr\/\"},{\"@type\":\"ListItem\",\"position\":2,\"name\":\"Transport Universitaire\"}]},{\"@type\":\"WebSite\",\"@id\":\"https:\/\/mouloudiachourene.com\/fr\/#website\",\"url\":\"https:\/\/mouloudiachourene.com\/fr\/\",\"name\":\"MOULOUD I ACHOURENE\",\"description\":\"\",\"publisher\":{\"@id\":\"https:\/\/mouloudiachourene.com\/fr\/#organization\"},\"potentialAction\":[{\"@type\":\"SearchAction\",\"target\":{\"@type\":\"EntryPoint\",\"urlTemplate\":\"https:\/\/mouloudiachourene.com\/fr\/?s={search_term_string}\"},\"query-input\":{\"@type\":\"PropertyValueSpecification\",\"valueRequired\":true,\"valueName\":\"search_term_string\"}}],\"inLanguage\":\"fr-FR\"},{\"@type\":\"Organization\",\"@id\":\"https:\/\/mouloudiachourene.com\/fr\/#organization\",\"name\":\"MOULOUD I ACHOURENE\",\"url\":\"https:\/\/mouloudiachourene.com\/fr\/\",\"logo\":{\"@type\":\"ImageObject\",\"inLanguage\":\"fr-FR\",\"@id\":\"https:\/\/mouloudiachourene.com\/fr\/#\/schema\/logo\/image\/\",\"url\":\"https:\/\/mouloudiachourene.com\/fr\/wp-content\/uploads\/2025\/09\/Logo-mouloud-iachourene-Version-1.png\",\"contentUrl\":\"https:\/\/mouloudiachourene.com\/fr\/wp-content\/uploads\/2025\/09\/Logo-mouloud-iachourene-Version-1.png\",\"width\":784,\"height\":541,\"caption\":\"MOULOUD I ACHOURENE\"},\"image\":{\"@id\":\"https:\/\/mouloudiachourene.com\/fr\/#\/schema\/logo\/image\/\"}}]}<\/script>\n<!-- \/ Yoast SEO plugin. -->","yoast_head_json":{"title":"Transport Universitaire - MOULOUD I ACHOURENE","robots":{"index":"index","follow":"follow","max-snippet":"max-snippet:-1","max-image-preview":"max-image-preview:large","max-video-preview":"max-video-preview:-1"},"canonical":"https:\/\/mouloudiachourene.com\/fr\/transport-universitaire\/","og_locale":"fr_FR","og_type":"article","og_title":"Transport Universitaire - MOULOUD I ACHOURENE","og_description":"Transport scolaire et universiataire Mouloud I Achourene : la force de la logistique, l&rsquo;engagement d&rsquo;un partenaire. MOULOUD I ACHOURENE poss\u00e8de plusieurs contrat pour le transport en toute s\u00e9curit\u00e9 de nos \u00e9l\u00e8ves et \u00e9tudiants Contactez &#8211; nous","og_url":"https:\/\/mouloudiachourene.com\/fr\/transport-universitaire\/","og_site_name":"MOULOUD I ACHOURENE","article_modified_time":"2025-09-18T09:42:12+00:00","twitter_card":"summary_large_image","twitter_misc":{"Dur\u00e9e de lecture estim\u00e9e":"1 minute"},"schema":{"@context":"https:\/\/schema.org","@graph":[{"@type":"WebPage","@id":"https:\/\/mouloudiachourene.com\/fr\/transport-universitaire\/","url":"https:\/\/mouloudiachourene.com\/fr\/transport-universitaire\/","name":"Transport Universitaire - MOULOUD I ACHOURENE","isPartOf":{"@id":"https:\/\/mouloudiachourene.com\/fr\/#website"},"datePublished":"2025-09-18T09:39:03+00:00","dateModified":"2025-09-18T09:42:12+00:00","breadcrumb":{"@id":"https:\/\/mouloudiachourene.com\/fr\/transport-universitaire\/#breadcrumb"},"inLanguage":"fr-FR","potentialAction":[{"@type":"ReadAction","target":["https:\/\/mouloudiachourene.com\/fr\/transport-universitaire\/"]}]},{"@type":"BreadcrumbList","@id":"https:\/\/mouloudiachourene.com\/fr\/transport-universitaire\/#breadcrumb","itemListElement":[{"@type":"ListItem","position":1,"name":"Accueil","item":"https:\/\/mouloudiachourene.com\/fr\/"},{"@type":"ListItem","position":2,"name":"Transport Universitaire"}]},{"@type":"WebSite","@id":"https:\/\/mouloudiachourene.com\/fr\/#website","url":"https:\/\/mouloudiachourene.com\/fr\/","name":"MOULOUD I ACHOURENE","description":"","publisher":{"@id":"https:\/\/mouloudiachourene.com\/fr\/#organization"},"potentialAction":[{"@type":"SearchAction","target":{"@type":"EntryPoint","urlTemplate":"https:\/\/mouloudiachourene.com\/fr\/?s={search_term_string}"},"query-input":{"@type":"PropertyValueSpecification","valueRequired":true,"valueName":"search_term_string"}}],"inLanguage":"fr-FR"},{"@type":"Organization","@id":"https:\/\/mouloudiachourene.com\/fr\/#organization","name":"MOULOUD I ACHOURENE","url":"https:\/\/mouloudiachourene.com\/fr\/","logo":{"@type":"ImageObject","inLanguage":"fr-FR","@id":"https:\/\/mouloudiachourene.com\/fr\/#\/schema\/logo\/image\/","url":"https:\/\/mouloudiachourene.com\/fr\/wp-content\/uploads\/2025\/09\/Logo-mouloud-iachourene-Version-1.png","contentUrl":"https:\/\/mouloudiachourene.com\/fr\/wp-content\/uploads\/2025\/09\/Logo-mouloud-iachourene-Version-1.png","width":784,"height":541,"caption":"MOULOUD I ACHOURENE"},"image":{"@id":"https:\/\/mouloudiachourene.com\/fr\/#\/schema\/logo\/image\/"}}]}},"_links":{"self":[{"href":"https:\/\/mouloudiachourene.com\/fr\/wp-json\/wp\/v2\/pages\/816","targetHints":{"allow":["GET"]}}],"collection":[{"href":"https:\/\/mouloudiachourene.com\/fr\/wp-json\/wp\/v2\/pages"}],"about":[{"href":"https:\/\/mouloudiachourene.com\/fr\/wp-json\/wp\/v2\/types\/page"}],"author":[{"embeddable":true,"href":"https:\/\/mouloudiachourene.com\/fr\/wp-json\/wp\/v2\/users\/1"}],"replies":[{"embeddable":true,"href":"https:\/\/mouloudiachourene.com\/fr\/wp-json\/wp\/v2\/comments?post=816"}],"version-history":[{"count":4,"href":"https:\/\/mouloudiachourene.com\/fr\/wp-json\/wp\/v2\/pages\/816\/revisions"}],"predecessor-version":[{"id":823,"href":"https:\/\/mouloudiachourene.com\/fr\/wp-json\/wp\/v2\/pages\/816\/revisions\/823"}],"wp:attachment":[{"href":"https:\/\/mouloudiachourene.com\/fr\/wp-json\/wp\/v2\/media?parent=816"}],"curies":[{"name":"wp","href":"https:\/\/api.w.org\/{rel}","templated":true}]}}